{"id":163,"date":"2019-05-09T17:57:43","date_gmt":"2019-05-09T15:57:43","guid":{"rendered":"http:\/\/www.bip.tbszm.com.pl\/?page_id=163"},"modified":"2025-07-25T08:44:20","modified_gmt":"2025-07-25T06:44:20","slug":"sprawozdanie-za-2016-rok","status":"publish","type":"page","link":"https:\/\/www.bip.tbszm.com.pl\/?page_id=163","title":{"rendered":"Sprawozdanie za 2016 rok"},"content":{"rendered":"<ul>\n<li><span style=\"color: #ff0000;\"><a style=\"color: #ff0000;\" href=\"\/wp-content\/uploads\/Sprawozdania\/2016\/Bilans.pdf\" target=\"true\" rel=\"noopener noreferrer\">Bilans<\/a><\/span><\/li>\n<li><a href=\"\/wp-content\/uploads\/Sprawozdania\/2016\/Informacja_dodatkowa.pdf\" target=\"true\" rel=\"noopener noreferrer\"><span style=\"color: #ff0000;\">Informacja dodatkowa<\/span><\/a><\/li>\n<li><a href=\"\/wp-content\/uploads\/Sprawozdania\/2016\/Rachunek_przeplywow_pienieznych.pdf\" target=\"true\" rel=\"noopener noreferrer\"><span style=\"color: #ff0000;\">Rachunek przep\u0142yw\u00f3w pieni\u0119\u017cnych<\/span><\/a><\/li>\n<li><a href=\"\/wp-content\/uploads\/Sprawozdania\/2016\/Rachunek_zyskow_i_strat.pdf\" target=\"true\" rel=\"noopener noreferrer\"><span style=\"color: #ff0000;\">Rachunek zysk\u00f3w i strat<\/span><\/a><\/li>\n<li><a href=\"\/wp-content\/uploads\/Sprawozdania\/2016\/Raport_i_opinnia_z_badania_sprawozdania_fiansowego.pdf\" target=\"true\" rel=\"noopener noreferrer\"><span style=\"color: #ff0000;\">Raport i opinia z badania sprawozdania finansowego<\/span><\/a><\/li>\n<li><a href=\"\/wp-content\/uploads\/Sprawozdania\/2016\/Sprawozdanie_Zarzadu_z_dzialalnosci_Spolki.pdf\" target=\"true\" rel=\"noopener noreferrer\"><span style=\"color: #ff0000;\">Sprawozdanie Zarz\u0105du z dzia\u0142alno\u015bci Sp\u00f3\u0142ki<\/span><\/a><\/li>\n<li><a href=\"\/wp-content\/uploads\/Sprawozdania\/2016\/Zestawienie_zmian_w_kapitale_wlasnym.pdf\" target=\"true\" rel=\"noopener noreferrer\"><span style=\"color: #ff0000;\">Zestawienie zmian w kapitale w\u0142asnym<\/span><\/a><\/li>\n<\/ul>\n","protected":false},"excerpt":{"rendered":"<p>Bilans Informacja dodatkowa Rachunek przep\u0142yw\u00f3w pieni\u0119\u017cnych Rachunek zysk\u00f3w i strat Raport i opinia z badania sprawozdania finansowego Sprawozdanie Zarz\u0105du z dzia\u0142alno\u015bci Sp\u00f3\u0142ki Zestawienie zmian w kapitale w\u0142asnym<\/p>\n","protected":false},"author":1,"featured_media":0,"parent":148,"menu_order":9,"comment_status":"closed","ping_status":"closed","template":"","meta":{"footnotes":""},"_links":{"self":[{"href":"https:\/\/www.bip.tbszm.com.pl\/index.php?rest_route=\/wp\/v2\/pages\/163"}],"collection":[{"href":"https:\/\/www.bip.tbszm.com.pl\/index.php?rest_route=\/wp\/v2\/pages"}],"about":[{"href":"https:\/\/www.bip.tbszm.com.pl\/index.php?rest_route=\/wp\/v2\/types\/page"}],"author":[{"embeddable":true,"href":"https:\/\/www.bip.tbszm.com.pl\/index.php?rest_route=\/wp\/v2\/users\/1"}],"replies":[{"embeddable":true,"href":"https:\/\/www.bip.tbszm.com.pl\/index.php?rest_route=%2Fwp%2Fv2%2Fcomments&post=163"}],"version-history":[{"count":2,"href":"https:\/\/www.bip.tbszm.com.pl\/index.php?rest_route=\/wp\/v2\/pages\/163\/revisions"}],"predecessor-version":[{"id":217,"href":"https:\/\/www.bip.tbszm.com.pl\/index.php?rest_route=\/wp\/v2\/pages\/163\/revisions\/217"}],"up":[{"embeddable":true,"href":"https:\/\/www.bip.tbszm.com.pl\/index.php?rest_route=\/wp\/v2\/pages\/148"}],"wp:attachment":[{"href":"https:\/\/www.bip.tbszm.com.pl\/index.php?rest_route=%2Fwp%2Fv2%2Fmedia&parent=163"}],"curies":[{"name":"wp","href":"https:\/\/api.w.org\/{rel}","templated":true}]}}