{"id":176,"date":"2019-07-07T20:36:34","date_gmt":"2019-07-07T18:36:34","guid":{"rendered":"http:\/\/www.bip.tbszm.com.pl\/?page_id=176"},"modified":"2025-07-25T08:45:07","modified_gmt":"2025-07-25T06:45:07","slug":"sprawozdanie-za-2018-rok","status":"publish","type":"page","link":"https:\/\/www.bip.tbszm.com.pl\/?page_id=176","title":{"rendered":"Sprawozdanie za 2018 rok"},"content":{"rendered":"<ul>\n<li><span style=\"color: #ff0000;\"><a style=\"color: #ff0000;\" href=\"\/wp-content\/uploads\/Sprawozdania\/2018\/Bilans.pdf\" target=\"true\" rel=\"noopener noreferrer\">Bilans<\/a><\/span><\/li>\n<li><a href=\"\/wp-content\/uploads\/Sprawozdania\/2018\/Informacja_dodatkowa.pdf\" target=\"true\" rel=\"noopener noreferrer\"><span style=\"color: #ff0000;\">Informacja dodatkowa<\/span><\/a><\/li>\n<li><a href=\"\/wp-content\/uploads\/Sprawozdania\/2018\/Rachunek_przeplywow_pienieznych.pdf\" target=\"true\" rel=\"noopener noreferrer\"><span style=\"color: #ff0000;\">Rachunek przep\u0142yw\u00f3w pieni\u0119\u017cnych<\/span><\/a><\/li>\n<li><a href=\"\/wp-content\/uploads\/Sprawozdania\/2018\/Rachunek_zyskow_i_strat.pdf\" target=\"true\" rel=\"noopener noreferrer\"><span style=\"color: #ff0000;\">Rachunek zysk\u00f3w i strat<\/span><\/a><\/li>\n<li><a href=\"\/wp-content\/uploads\/Sprawozdania\/2018\/Sprawozdanie_Zarzadu_z_dzialalnosci_Spolki.pdf\" target=\"true\" rel=\"noopener noreferrer\"><span style=\"color: #ff0000;\">Sprawozdanie Zarz\u0105du z dzia\u0142alno\u015bci Sp\u00f3\u0142ki<\/span><\/a><\/li>\n<li><a href=\"\/wp-content\/uploads\/Sprawozdania\/2018\/Zestawienie_zmian_w_kapitale_wlasnym.pdf\" target=\"true\" rel=\"noopener noreferrer\"><span style=\"color: #ff0000;\">Zestawienie zmian w kapitale w\u0142asnym<\/span><\/a><\/li>\n<\/ul>\n","protected":false},"excerpt":{"rendered":"<p>Bilans Informacja dodatkowa Rachunek przep\u0142yw\u00f3w pieni\u0119\u017cnych Rachunek zysk\u00f3w i strat Sprawozdanie Zarz\u0105du z dzia\u0142alno\u015bci Sp\u00f3\u0142ki Zestawienie zmian w kapitale w\u0142asnym<\/p>\n","protected":false},"author":1,"featured_media":0,"parent":148,"menu_order":7,"comment_status":"closed","ping_status":"closed","template":"","meta":{"footnotes":""},"_links":{"self":[{"href":"https:\/\/www.bip.tbszm.com.pl\/index.php?rest_route=\/wp\/v2\/pages\/176"}],"collection":[{"href":"https:\/\/www.bip.tbszm.com.pl\/index.php?rest_route=\/wp\/v2\/pages"}],"about":[{"href":"https:\/\/www.bip.tbszm.com.pl\/index.php?rest_route=\/wp\/v2\/types\/page"}],"author":[{"embeddable":true,"href":"https:\/\/www.bip.tbszm.com.pl\/index.php?rest_route=\/wp\/v2\/users\/1"}],"replies":[{"embeddable":true,"href":"https:\/\/www.bip.tbszm.com.pl\/index.php?rest_route=%2Fwp%2Fv2%2Fcomments&post=176"}],"version-history":[{"count":4,"href":"https:\/\/www.bip.tbszm.com.pl\/index.php?rest_route=\/wp\/v2\/pages\/176\/revisions"}],"predecessor-version":[{"id":215,"href":"https:\/\/www.bip.tbszm.com.pl\/index.php?rest_route=\/wp\/v2\/pages\/176\/revisions\/215"}],"up":[{"embeddable":true,"href":"https:\/\/www.bip.tbszm.com.pl\/index.php?rest_route=\/wp\/v2\/pages\/148"}],"wp:attachment":[{"href":"https:\/\/www.bip.tbszm.com.pl\/index.php?rest_route=%2Fwp%2Fv2%2Fmedia&parent=176"}],"curies":[{"name":"wp","href":"https:\/\/api.w.org\/{rel}","templated":true}]}}