{"id":260,"date":"2021-04-05T11:02:10","date_gmt":"2021-04-05T09:02:10","guid":{"rendered":"http:\/\/www.bip.tbszm.com.pl\/?page_id=260"},"modified":"2023-05-10T18:50:29","modified_gmt":"2023-05-10T16:50:29","slug":"rodo","status":"publish","type":"page","link":"https:\/\/www.bip.tbszm.com.pl\/?page_id=260","title":{"rendered":"RODO"},"content":{"rendered":"<p><strong>Informacja o przetwarzaniu danych osobowych \u2013 informacja dla Mieszka\u0144ca<\/strong><\/p>\n<p>Zgodnie z art. 13 ust. 1 i 2 rozporz\u0105dzenia Parlamentu Europejskiego i Rady (UE) 2016\/679 z dnia 27 kwietnia 2016 r. w sprawie ochrony os\u00f3b fizycznych w zwi\u0105zku z przetwarzaniem danych osobowych i w sprawie swobodnego przep\u0142ywu takich danych oraz uchylenia dyrektywy 95\/46\/WE (og\u00f3lne rozporz\u0105dzenie o ochronie danych) (Dz. Urz. UE L 119 z 04.05.2016, str.<\/p>\n<p>1) informujemy, \u017ce:<\/p>\n<ol>\n<li>Administratorem Pa\u0144stwa danych osobowych jest Towarzystwo Budownictwa Spo\u0142ecznego \u201eZiele\u0144 Miejska\u201d Sp. Z o. o., reprezentowane przez Prezesa; 05-800 Pruszk\u00f3w, ul. Gordzia\u0142kowskiego 9; email: <a href=\"mailto:tbszm@tbszm.pl\">tbszm@tbszm.pl<\/a>.<\/li>\n<li>W przypadku przetwarzania danych powierzonych Towarzystwu Budownictwa Spo\u0142ecznego \u201eZiele\u0144 Miejska\u201d Z o. o., na podstawie zawartych um\u00f3w powierzenia przetwarzania danych osobowych, TBS jest\u00a0 Podmiotem Przetwarzaj\u0105cym, a Administratorem danych\u00a0 w\u0142a\u015bcicieli jest Wsp\u00f3lnota Mieszkaniowa, kt\u00f3rej s\u0105 cz\u0142onkami. W przypadku zarz\u0105dzania mieniem, kt\u00f3rego w\u0142a\u015bcicielem jest Gmina Miasto Pruszk\u00f3w, Towarzystwo Budownictwa Spo\u0142ecznego \u201eZiele\u0144 Miejska\u201d jest Podmiotem Przetwarzaj\u0105cym, a Administratorem jest Gmina Miasto Pruszk\u00f3w, reprezentowana przez Prezydenta Miasta Pruszkowa.<\/li>\n<li>W sprawach dotycz\u0105cych przetwarzania danych osobowych oraz korzystania z praw zwi\u0105zanych z ochron\u0105 danych osobowych mo\u017cecie Pa\u0144stwo kontaktowa\u0107 si\u0119 z Inspektorem Ochrony Danych e-mail: <a href=\"mailto:iod@tbszm.pl\">iod@tbszm.pl<\/a>;<\/li>\n<li>Dane pozyskane przez Administratora przetwarzane b\u0119d\u0105 na podstawie art. 6 ust.1 lit. b, c, f Rozporz\u0105dzenia w celu realizacji umowy, kt\u00f3rej stron\u0105 jest osoba, kt\u00f3rej dane dotycz\u0105, wype\u0142nienia obowi\u0105zku prawnego ci\u0105\u017c\u0105cego na Administratorze oraz na podstawie prawnie uzasadnionego interesu strony.<\/li>\n<li>W celu u\u0142atwienia kontaktu mo\u017cecie Pa\u0144stwo poda\u0107 nr telefonu oraz adres e-mail. Dane te nie s\u0105 obowi\u0105zkowe i b\u0119dziemy je przetwarza\u0107 w oparciu o Pa\u0144stwa zgod\u0119 na przetwarzanie tych danych, tj. na podstawie<br \/>\n6 ust. 1 lit a RODO. Zgod\u0119 na przetwarzanie tych danych mo\u017cna wycofa\u0107 w ka\u017cdym momencie.<\/li>\n<li>Cele przetwarzania danych osobowych:\n<ul>\n<li>z\u0142o\u017cenie deklaracji o przyst\u0105pieniu do partycypacji w kosztach budowy wynajmowanego lokalu,<\/li>\n<li>zawarcie umowy partycypacyjnej;<\/li>\n<li>zawarcie umowy najmu lokalu mieszkalnego, lokalu u\u017cytkowego, gara\u017cu, dzier\u017cawy terenu, realizacja postanowie\u0144\u00a0 umownych;<\/li>\n<li>rozliczenia\u00a0 czynszu najmu, dzier\u017cawy i innych op\u0142at zwi\u0105zanych z najmem lokali oraz egzekucji sadowej i komorniczej zwi\u0105zanej z op\u0142atami wynikaj\u0105cymi z zawartych\u00a0 z Towarzystwem Budownictwa Spo\u0142ecznego \u201eZiele\u0144 Miejska\u201d Z o. o. um\u00f3w;<\/li>\n<li>zarz\u0105dzanie cz\u0119\u015bciami wsp\u00f3lnymi nieruchomo\u015bci nale\u017c\u0105cych do Wsp\u00f3lnot mieszkaniowych zarz\u0105dzanych przez Towarzystwem Budownictwa Spo\u0142ecznego \u201eZiele\u0144 Miejska\u201d Z o. o. na\u00a0 zlecenie i w oparciu o zawarte umowy o zarz\u0105dzanie, w tym rozliczanie i egzekucja nale\u017cno\u015bci wynikaj\u0105cych z ww. um\u00f3w,<\/li>\n<li>konieczno\u015b\u0107 zg\u0142aszania i usuwania awarii.<\/li>\n<li>Zapewnienie bezpiecze\u0144stwa fizycznego budynk\u00f3w oraz mienia TBS \u201eZiele\u0144 Miejska\u201d \u2013 na podstawie prawnie uzasadnionego interesu (art. 6 ust. 1 lit. f RODO), polegaj\u0105cego na prowadzeniu monitoringu wizyjnego wyznaczonych obszar\u00f3w;<\/li>\n<li>dochodzenia roszcze\u0144 lub obrony przed roszczeniami- na podstawie prawnie uzasadnionego interesu (art. 6 ust. 1 lit. f RODO);<\/li>\n<\/ul>\n<\/li>\n<li>Je\u017celi przetwarzanie danych wynika z konieczno\u015bci realizacji cel\u00f3w wskazanych w pkt. 6, nie jest wymagana Pa\u0144stwa zgoda na przetwarzanie danych osobowych. W pozosta\u0142ych przypadkach, podstaw\u0105 przetwarzania b\u0119dzie zgoda na przetwarzanie danych osobowych (art. 6 ust. 1 lit. a). Wyra\u017cenie zgody jest dobrowolne, mo\u017cna j\u0105 wycofa\u0107 w dowolnym momencie. Wycofanie zgody nie wp\u0142ywa na zgodno\u015b\u0107 z prawem przetwarzania, kt\u00f3rego dokonano przed jej wycofaniem.<\/li>\n<li>Dane osobowe mog\u0105 by\u0107 udost\u0119pniane innym podmiotom, z kt\u00f3rymi TBS \u201eZiele\u0144 Miejska\u201d ma podpisane umowy, w zakresie niezb\u0119dnym do realizacji powy\u017cej wskazanych cel\u00f3w.<\/li>\n<li>Dane osobowe mog\u0105 zosta\u0107 udost\u0119pniane organom nadrz\u0119dnym, innym uprawnionym podmiotom na podstawie przepis\u00f3w prawa. Odbiorcami danych mog\u0105 by\u0107 osoby fizyczne lub prawne, organy publiczne, jednostki lub inne podmioty, kt\u00f3rym zgodnie z przepisami prawa ujawnia si\u0119 dane osobowe niezale\u017cnie od tego, czy s\u0105 stron\u0105 trzeci\u0105.<\/li>\n<li>Dane osobowe nie b\u0119d\u0105 przekazywane do pa\u0144stwa trzeciego.<\/li>\n<li>Dane osobowe b\u0119d\u0105 przechowywane zgodnie z wymogami prawa, przez okres umo\u017cliwiaj\u0105cy dochodzenie roszcze\u0144 przez obie strony umowy.<\/li>\n<li>Osoba, kt\u00f3rej dane s\u0105 przetwarzane ma prawo do:\n<ul>\n<li>Dost\u0119pu do swoich danych osobowych &#8211; art.15 Rozporz\u0105dzenia.<\/li>\n<li>Sprostowania danych osobowych \u2013art. 16 Rozporz\u0105dzenia.<\/li>\n<li>\u017b\u0105dania od Administratora ograniczenia przetwarzania danych osobowych, z zastrze\u017ceniem przypadk\u00f3w, o kt\u00f3rych mowa w art. 18 ust. 2 &#8211; art. 18 Rozporz\u0105dzenia.<\/li>\n<li>Wniesienia skargi do Prezesa Urz\u0119du Ochrony Danych Osobowych (na adres Urz\u0119du Ochrony Danych Osobowych, ul. Stawki 2, 00 &#8211; 193 Warszawa), gdy uzna, \u017ce przetwarzanie danych osobowych narusza przepisy Rozporz\u0105dzenia.<\/li>\n<\/ul>\n<\/li>\n<li>Je\u017celi przetwarzanie danych osobowych jest niezb\u0119dne do wype\u0142nienia obowi\u0105zku prawnego ci\u0105\u017c\u0105cego na Administratorze (art. 6 ust. 1 lit. c RODO), osobom kt\u00f3rych dane s\u0105 przetwarzane \u00a0nie przys\u0142uguje prawo do: usuni\u0119cia danych osobowych- art. 17 ust.3 lit. b, d lub e; \u00a0przenoszenia danych osobowych, o kt\u00f3rym mowa w art. 20 Rozporz\u0105dzenia; sprzeciwu wobec przetwarzania danych osobowych.<\/li>\n<li>Dane osobowe nie b\u0119d\u0105 profilowane i nie b\u0119d\u0105 s\u0142u\u017cy\u0142y zautomatyzowanemu podejmowaniu decyzji<\/li>\n<\/ol>\n","protected":false},"excerpt":{"rendered":"<p>Informacja o przetwarzaniu danych osobowych \u2013 informacja dla Mieszka\u0144ca Zgodnie z art. 13 ust. 1 i 2 rozporz\u0105dzenia Parlamentu Europejskiego i Rady (UE) 2016\/679 z dnia 27 kwietnia 2016 r. w sprawie ochrony os\u00f3b fizycznych w zwi\u0105zku z przetwarzaniem danych osobowych i w sprawie swobodnego przep\u0142ywu takich danych oraz uchylenia dyrektywy 95\/46\/WE (og\u00f3lne rozporz\u0105dzenie o [&hellip;]<\/p>\n","protected":false},"author":1,"featured_media":0,"parent":0,"menu_order":9,"comment_status":"closed","ping_status":"closed","template":"","meta":{"footnotes":""},"_links":{"self":[{"href":"https:\/\/www.bip.tbszm.com.pl\/index.php?rest_route=\/wp\/v2\/pages\/260"}],"collection":[{"href":"https:\/\/www.bip.tbszm.com.pl\/index.php?rest_route=\/wp\/v2\/pages"}],"about":[{"href":"https:\/\/www.bip.tbszm.com.pl\/index.php?rest_route=\/wp\/v2\/types\/page"}],"author":[{"embeddable":true,"href":"https:\/\/www.bip.tbszm.com.pl\/index.php?rest_route=\/wp\/v2\/users\/1"}],"replies":[{"embeddable":true,"href":"https:\/\/www.bip.tbszm.com.pl\/index.php?rest_route=%2Fwp%2Fv2%2Fcomments&post=260"}],"version-history":[{"count":6,"href":"https:\/\/www.bip.tbszm.com.pl\/index.php?rest_route=\/wp\/v2\/pages\/260\/revisions"}],"predecessor-version":[{"id":347,"href":"https:\/\/www.bip.tbszm.com.pl\/index.php?rest_route=\/wp\/v2\/pages\/260\/revisions\/347"}],"wp:attachment":[{"href":"https:\/\/www.bip.tbszm.com.pl\/index.php?rest_route=%2Fwp%2Fv2%2Fmedia&parent=260"}],"curies":[{"name":"wp","href":"https:\/\/api.w.org\/{rel}","templated":true}]}}