{"id":284,"date":"2021-12-16T13:44:54","date_gmt":"2021-12-16T12:44:54","guid":{"rendered":"http:\/\/www.bip.tbszm.com.pl\/?page_id=284"},"modified":"2025-07-25T08:45:22","modified_gmt":"2025-07-25T06:45:22","slug":"sprawozdanie-finansowe-za-2020-rok","status":"publish","type":"page","link":"https:\/\/www.bip.tbszm.com.pl\/?page_id=284","title":{"rendered":"Sprawozdanie za 2020 rok"},"content":{"rendered":"<ul>\n<li><span style=\"color: #ff0000;\"><a style=\"color: #ff0000;\" href=\"\/wp-content\/uploads\/Sprawozdania\/2020\/Bilans.pdf\" target=\"true\" rel=\"noopener noreferrer\">Bilans<\/a><\/span><\/li>\n<li><a href=\"\/wp-content\/uploads\/Sprawozdania\/2020\/Rachunek_przep\u0142yw\u00f3w_finansowych.pdf\" target=\"true\" rel=\"noopener noreferrer\"><span style=\"color: #ff0000;\">Rachunek przep\u0142yw\u00f3w pieni\u0119\u017cnych<\/span><\/a><\/li>\n<li><a href=\"\/wp-content\/uploads\/Sprawozdania\/2020\/Rachunek_zyskow_i_strat.pdf\" target=\"true\" rel=\"noopener noreferrer\"><span style=\"color: #ff0000;\">Rachunek zysk\u00f3w i strat<\/span><\/a><\/li>\n<li><a href=\"\/wp-content\/uploads\/Sprawozdania\/2020\/Sprawozdanie_finansowe.pdf\" target=\"true\" rel=\"noopener noreferrer\"><span style=\"color: #ff0000;\">Sprawozdanie finansowe<\/span><\/a><\/li>\n<li><a href=\"\/wp-content\/uploads\/Sprawozdania\/2020\/Zestawienie_zmian_w_kapitale_wlasnym.pdf\" target=\"true\" rel=\"noopener noreferrer\"><span style=\"color: #ff0000;\">Zestawienie zmian w kapitale w\u0142asnym<\/span><\/a><\/li>\n<li><a href=\"\/wp-content\/uploads\/Sprawozdania\/2020\/Sprawozdanie_Zarzadu_z_dzialalnosci_Spolki.pdf\" target=\"true\" rel=\"noopener noreferrer\"><span style=\"color: #ff0000;\">Sprawozdanie Zarz\u0105du z dzia\u0142alno\u015bci Sp\u00f3\u0142ki<\/span><\/a><\/li>\n<\/ul>\n","protected":false},"excerpt":{"rendered":"<p>Bilans Rachunek przep\u0142yw\u00f3w pieni\u0119\u017cnych Rachunek zysk\u00f3w i strat Sprawozdanie finansowe Zestawienie zmian w kapitale w\u0142asnym Sprawozdanie Zarz\u0105du z dzia\u0142alno\u015bci Sp\u00f3\u0142ki<\/p>\n","protected":false},"author":1,"featured_media":0,"parent":148,"menu_order":5,"comment_status":"closed","ping_status":"closed","template":"","meta":{"footnotes":""},"_links":{"self":[{"href":"https:\/\/www.bip.tbszm.com.pl\/index.php?rest_route=\/wp\/v2\/pages\/284"}],"collection":[{"href":"https:\/\/www.bip.tbszm.com.pl\/index.php?rest_route=\/wp\/v2\/pages"}],"about":[{"href":"https:\/\/www.bip.tbszm.com.pl\/index.php?rest_route=\/wp\/v2\/types\/page"}],"author":[{"embeddable":true,"href":"https:\/\/www.bip.tbszm.com.pl\/index.php?rest_route=\/wp\/v2\/users\/1"}],"replies":[{"embeddable":true,"href":"https:\/\/www.bip.tbszm.com.pl\/index.php?rest_route=%2Fwp%2Fv2%2Fcomments&post=284"}],"version-history":[{"count":7,"href":"https:\/\/www.bip.tbszm.com.pl\/index.php?rest_route=\/wp\/v2\/pages\/284\/revisions"}],"predecessor-version":[{"id":304,"href":"https:\/\/www.bip.tbszm.com.pl\/index.php?rest_route=\/wp\/v2\/pages\/284\/revisions\/304"}],"up":[{"embeddable":true,"href":"https:\/\/www.bip.tbszm.com.pl\/index.php?rest_route=\/wp\/v2\/pages\/148"}],"wp:attachment":[{"href":"https:\/\/www.bip.tbszm.com.pl\/index.php?rest_route=%2Fwp%2Fv2%2Fmedia&parent=284"}],"curies":[{"name":"wp","href":"https:\/\/api.w.org\/{rel}","templated":true}]}}