{"id":310,"date":"2024-07-15T07:00:30","date_gmt":"2024-07-15T05:00:30","guid":{"rendered":"http:\/\/www.bip.tbszm.com.pl\/?page_id=310"},"modified":"2024-10-29T21:35:05","modified_gmt":"2024-10-29T20:35:05","slug":"ogloszenia","status":"publish","type":"page","link":"https:\/\/www.bip.tbszm.com.pl\/?page_id=310","title":{"rendered":"Og\u0142oszenia"},"content":{"rendered":"<p style=\"text-align: center;\"><strong>Og\u0142oszenie<\/strong><\/p>\n<p style=\"text-align: center;\"><strong>Oferta na badanie sprawozdania finansowego sp\u00f3\u0142ki Towarzystwa Budownictwa Spo\u0142ecznego &#8222;Ziele\u0144 Miejska&#8221; Sp. z o.o. za rok obrotowy 2024\/2025<\/strong><\/p>\n<p>Termin sk\u0142adania ofert: <strong>18 listopada 2024 do godz. 16.00<\/strong><\/p>\n<p><span style=\"color: #ff0000;\"><a style=\"color: #ff0000;\" href=\"http:\/\/www.bip.tbszm.com.pl\/http:\/\/www.bip.tbszm.com.pl\/wp-content\/uploads\/2024\/10\/Ogloszenie-dot.-badania-bilansu-Spolki-TBS-ZM-za-lata-2024_2025.pdf\" target=\"true\" rel=\"noopener\">Og\u0142oszenie<\/a><\/span><\/p>\n<p>&nbsp;<\/p>\n<hr \/>\n<p>&nbsp;<\/p>\n<p style=\"text-align: center;\"><strong>Og\u0142oszenie<\/strong><\/p>\n<p style=\"text-align: center;\"><strong>o rozstrzygni\u0119ciu Konkursu na stanowisko Prezesa Zarz\u0105du Sp\u00f3\u0142ki\u00a0 <\/strong><\/p>\n<p style=\"text-align: center;\"><strong>Towarzystwo Budownictwa Spo\u0142ecznego \u201eZiele\u0144 Miejska\u201d sp. z o.o. w Pruszkowie<\/strong><\/p>\n<p>&nbsp;<\/p>\n<p>Rada Nadzorcza Sp\u00f3\u0142ki, Towarzystwo Budownictwa Spo\u0142ecznego \u201eZiele\u0144 Miejska\u201d\u00a0 sp. z o.o.\u00a0\u00a0\u00a0\u00a0\u00a0\u00a0\u00a0\u00a0\u00a0 w Pruszkowie ul. Gordzia\u0142kowskiego 9 uprzejmie informuje, \u017ce zako\u0144czy\u0142a post\u0119powanie konkursowe w wyniku, kt\u00f3rego na stanowisko Prezesa Zarz\u0105du Sp\u00f3\u0142ki powo\u0142ano z dniem 23\u00a0sierpnia 2024 roku Pana Paw\u0142a Wi\u015bniewskiego.<\/p>\n<p>&nbsp;<\/p>\n<p>&nbsp;<\/p>\n<p>&nbsp;<\/p>\n<p>Przewodnicz\u0105ca<\/p>\n<p>Rady Nadzorczej Sp\u00f3\u0142ki<\/p>\n<p>\u201eTowarzystwo Budownictwa Spo\u0142ecznego\u201d sp. z o.o.<\/p>\n<p>Joanna Kacprowicz<\/p>\n<p>&nbsp;<\/p>\n<p><span style=\"color: #ff0000;\"><a style=\"color: #ff0000;\" href=\"http:\/\/www.bip.tbszm.com.pl\/http:\/\/www.bip.tbszm.com.pl\/wp-content\/uploads\/2024\/08\/Ogloszenie-o-wyniku-konkursu-na-stanowisko-Prezesa-Zarzadu.pdf\" target=\"_blank\" rel=\"noopener\">Og\u0142oszenie o rozstrzygni\u0119ciu konkursu na stanowisko Prezesa Zarz\u0105du TBS Ziele\u0144 Miejska sp. z o.o.<\/a><\/span><\/p>\n","protected":false},"excerpt":{"rendered":"<p>Og\u0142oszenie Oferta na badanie sprawozdania finansowego sp\u00f3\u0142ki Towarzystwa Budownictwa Spo\u0142ecznego &#8222;Ziele\u0144 Miejska&#8221; Sp. z o.o. za rok obrotowy 2024\/2025 Termin sk\u0142adania ofert: 18 listopada 2024 do godz. 16.00 Og\u0142oszenie &nbsp; &nbsp; Og\u0142oszenie o rozstrzygni\u0119ciu Konkursu na stanowisko Prezesa Zarz\u0105du Sp\u00f3\u0142ki\u00a0 Towarzystwo Budownictwa Spo\u0142ecznego \u201eZiele\u0144 Miejska\u201d sp. z o.o. w Pruszkowie &nbsp; Rada Nadzorcza Sp\u00f3\u0142ki, Towarzystwo [&hellip;]<\/p>\n","protected":false},"author":1,"featured_media":0,"parent":0,"menu_order":6,"comment_status":"closed","ping_status":"closed","template":"","meta":{"footnotes":""},"_links":{"self":[{"href":"https:\/\/www.bip.tbszm.com.pl\/index.php?rest_route=\/wp\/v2\/pages\/310"}],"collection":[{"href":"https:\/\/www.bip.tbszm.com.pl\/index.php?rest_route=\/wp\/v2\/pages"}],"about":[{"href":"https:\/\/www.bip.tbszm.com.pl\/index.php?rest_route=\/wp\/v2\/types\/page"}],"author":[{"embeddable":true,"href":"https:\/\/www.bip.tbszm.com.pl\/index.php?rest_route=\/wp\/v2\/users\/1"}],"replies":[{"embeddable":true,"href":"https:\/\/www.bip.tbszm.com.pl\/index.php?rest_route=%2Fwp%2Fv2%2Fcomments&post=310"}],"version-history":[{"count":24,"href":"https:\/\/www.bip.tbszm.com.pl\/index.php?rest_route=\/wp\/v2\/pages\/310\/revisions"}],"predecessor-version":[{"id":406,"href":"https:\/\/www.bip.tbszm.com.pl\/index.php?rest_route=\/wp\/v2\/pages\/310\/revisions\/406"}],"wp:attachment":[{"href":"https:\/\/www.bip.tbszm.com.pl\/index.php?rest_route=%2Fwp%2Fv2%2Fmedia&parent=310"}],"curies":[{"name":"wp","href":"https:\/\/api.w.org\/{rel}","templated":true}]}}