{"id":358,"date":"2023-07-05T21:22:09","date_gmt":"2023-07-05T19:22:09","guid":{"rendered":"http:\/\/www.bip.tbszm.com.pl\/?page_id=358"},"modified":"2025-07-25T08:45:34","modified_gmt":"2025-07-25T06:45:34","slug":"sprawozdanie-za-rok-2022","status":"publish","type":"page","link":"https:\/\/www.bip.tbszm.com.pl\/?page_id=358","title":{"rendered":"Sprawozdanie za 2022 rok"},"content":{"rendered":"<ul>\n<li><span style=\"color: #ff0000;\"><a style=\"color: #ff0000;\" href=\"\/wp-content\/uploads\/Sprawozdania\/2022\/Bilans.pdf\" target=\"true\" rel=\"noopener noreferrer\">Bilans<\/a><\/span><\/li>\n<li><a href=\"\/wp-content\/uploads\/Sprawozdania\/2022\/Rachunek_zyskow_i_strat.pdf\" target=\"true\" rel=\"noopener noreferrer\"><span style=\"color: #ff0000;\">Rachunek zysk\u00f3w i strat<\/span><\/a><\/li>\n<li><a href=\"\/wp-content\/uploads\/Sprawozdania\/2022\/Rachunek_przeplywow_pienieznych.pdf\" target=\"true\" rel=\"noopener noreferrer\"><span style=\"color: #ff0000;\">Rachunek przep\u0142yw\u00f3w pieni\u0119\u017cnych<\/span><\/a><\/li>\n<li><a href=\"\/wp-content\/uploads\/Sprawozdania\/2022\/Zestawienie_zmian_w_kapitale.pdf\" target=\"true\" rel=\"noopener noreferrer\"><span style=\"color: #ff0000;\">Zestawienie zmian w kapitale<\/span><\/a><\/li>\n<li><a href=\"\/wp-content\/uploads\/Sprawozdania\/2022\/Dodatkowe_informacje.pdf\" target=\"true\" rel=\"noopener noreferrer\"><span style=\"color: #ff0000;\">Dodatkowe informacje<\/span><\/a><\/li>\n<li><a href=\"\/wp-content\/uploads\/Sprawozdania\/2022\/Sprawozdanie_Zarzadu_z_dzialalnosci_Spolki.pdf\" target=\"true\" rel=\"noopener noreferrer\"><span style=\"color: #ff0000;\">Sprawozdanie Zarz\u0105du z dzia\u0142alno\u015bci Sp\u00f3\u0142ki<\/span><\/a><\/li>\n<\/ul>\n","protected":false},"excerpt":{"rendered":"<p>Bilans Rachunek zysk\u00f3w i strat Rachunek przep\u0142yw\u00f3w pieni\u0119\u017cnych Zestawienie zmian w kapitale Dodatkowe informacje Sprawozdanie Zarz\u0105du z dzia\u0142alno\u015bci Sp\u00f3\u0142ki<\/p>\n","protected":false},"author":1,"featured_media":0,"parent":148,"menu_order":3,"comment_status":"closed","ping_status":"closed","template":"","meta":{"footnotes":""},"_links":{"self":[{"href":"https:\/\/www.bip.tbszm.com.pl\/index.php?rest_route=\/wp\/v2\/pages\/358"}],"collection":[{"href":"https:\/\/www.bip.tbszm.com.pl\/index.php?rest_route=\/wp\/v2\/pages"}],"about":[{"href":"https:\/\/www.bip.tbszm.com.pl\/index.php?rest_route=\/wp\/v2\/types\/page"}],"author":[{"embeddable":true,"href":"https:\/\/www.bip.tbszm.com.pl\/index.php?rest_route=\/wp\/v2\/users\/1"}],"replies":[{"embeddable":true,"href":"https:\/\/www.bip.tbszm.com.pl\/index.php?rest_route=%2Fwp%2Fv2%2Fcomments&post=358"}],"version-history":[{"count":2,"href":"https:\/\/www.bip.tbszm.com.pl\/index.php?rest_route=\/wp\/v2\/pages\/358\/revisions"}],"predecessor-version":[{"id":360,"href":"https:\/\/www.bip.tbszm.com.pl\/index.php?rest_route=\/wp\/v2\/pages\/358\/revisions\/360"}],"up":[{"embeddable":true,"href":"https:\/\/www.bip.tbszm.com.pl\/index.php?rest_route=\/wp\/v2\/pages\/148"}],"wp:attachment":[{"href":"https:\/\/www.bip.tbszm.com.pl\/index.php?rest_route=%2Fwp%2Fv2%2Fmedia&parent=358"}],"curies":[{"name":"wp","href":"https:\/\/api.w.org\/{rel}","templated":true}]}}