{"id":5,"date":"2011-05-14T09:17:38","date_gmt":"2011-05-14T07:17:38","guid":{"rendered":"http:\/\/localhost\/bip-tbs\/?page_id=5"},"modified":"2026-03-19T12:25:39","modified_gmt":"2026-03-19T11:25:39","slug":"status-prawny","status":"publish","type":"page","link":"https:\/\/www.bip.tbszm.com.pl\/?page_id=5","title":{"rendered":"Status prawny"},"content":{"rendered":"<p>Towarzystwo Budownictwa Spo\u0142ecznego \u201cZiele\u0144 Miejska\u201d sp. z o. o. jest sp\u00f3\u0142k\u0105 gminn\u0105 wpisan\u0105 w Krajowym Rejestrze S\u0105dowym Rejestru Przedsi\u0119biorstw pod numerem KRS: 0000039568 S\u0105du Rejonowego dla miasta st. Warszawy, XXI Wydziale Gospodarczym Krajowego Rejestru S\u0105dowego.<\/p>\n<p><strong>Udzia\u0142owcami Sp\u00f3\u0142ki s\u0105:<\/strong><\/p>\n<ul>\n<li>Gmina Miasto Pruszk\u00f3w \u2013 za\u0142o\u017cyciel, udzia\u0142owiec wi\u0119kszo\u015bciowy \u2013 jeden udzia\u0142 o \u0142\u0105cznej warto\u015bci 47 533 441,72 z\u0142<\/li>\n<li>Gmina Miasto Milan\u00f3wek \u2013 jeden udzia\u0142 o \u0142\u0105cznej warto\u015bci 5 407 638,00 z\u0142<\/li>\n<li>Gmina Brwin\u00f3w \u2013 jeden udzia\u0142 o \u0142\u0105cznej warto\u015bci 822 686,00 z\u0142<\/li>\n<li>Gmina Grodzisk Mazowiecki \u2013 jeden udzia\u0142 o \u0142\u0105cznej warto\u015bci 3 539 900,00 z\u0142<\/li>\n<\/ul>\n<p><strong>Zarz\u0105d jednoosobowy:<\/strong> Prezes Zarz\u0105du: Pawe\u0142 Wi\u015bniewski<\/p>\n<p><strong>Termin rozpocz\u0119cia dzia\u0142alno\u015bci Sp\u00f3\u0142ki: 01.05.1998.<\/strong><\/p>\n<p>Sp\u00f3\u0142ka powsta\u0142a z przekszta\u0142cenia przedsi\u0119biorstwa komunalnego. Podstawowym przedmiotem dzia\u0142alno\u015bci jest budowa dom\u00f3w mieszkalnych na wynajem oraz zarz\u0105dzanie nieruchomo\u015bciami.<\/p>\n<p><strong>Rada Nadzorcza:<\/strong><\/p>\n<ul>\n<li><strong>Monika Chojnacka<\/strong> \u2013 Przewodnicz\u0105ca Rady Nadzorczej<\/li>\n<li><strong>Katarzyna Ziarek<\/strong> &#8211; Cz\u0142onek Rady Nadzorczej<\/li>\n<li><strong>Hanna Bogucka<\/strong> \u2013 Cz\u0142onek Rady Nadzorczej<\/li>\n<li><strong>Mariusz Solarz<\/strong> \u2013 Cz\u0142onek Rady Nadzorczej<\/li>\n<li><strong>Renata Zieli\u0144ska<\/strong> &#8211; Cz\u0142onek Rady Nadzorczej<\/li>\n<\/ul>\n<p>&nbsp;<\/p>\n<p><strong><a href=\"http:\/\/www.bip.tbszm.com.pl\/http:\/\/www.bip.tbszm.com.pl\/wp-content\/uploads\/2025\/03\/Akt-Zalozycielski-2025-nowy-kapital.pdf\" target=\"true\" rel=\"noopener\">Akt Za\u0142o\u017cycielski 2025<\/a><\/strong><\/p>\n","protected":false},"excerpt":{"rendered":"<p>Towarzystwo Budownictwa Spo\u0142ecznego \u201cZiele\u0144 Miejska\u201d sp. z o. o. jest sp\u00f3\u0142k\u0105 gminn\u0105 wpisan\u0105 w Krajowym Rejestrze S\u0105dowym Rejestru Przedsi\u0119biorstw pod numerem KRS: 0000039568 S\u0105du Rejonowego dla miasta st. Warszawy, XXI Wydziale Gospodarczym Krajowego Rejestru S\u0105dowego. Udzia\u0142owcami Sp\u00f3\u0142ki s\u0105: Gmina Miasto Pruszk\u00f3w \u2013 za\u0142o\u017cyciel, udzia\u0142owiec wi\u0119kszo\u015bciowy \u2013 jeden udzia\u0142 o \u0142\u0105cznej warto\u015bci 47 533 441,72 z\u0142 [&hellip;]<\/p>\n","protected":false},"author":1,"featured_media":0,"parent":0,"menu_order":2,"comment_status":"closed","ping_status":"closed","template":"","meta":{"footnotes":""},"_links":{"self":[{"href":"https:\/\/www.bip.tbszm.com.pl\/index.php?rest_route=\/wp\/v2\/pages\/5"}],"collection":[{"href":"https:\/\/www.bip.tbszm.com.pl\/index.php?rest_route=\/wp\/v2\/pages"}],"about":[{"href":"https:\/\/www.bip.tbszm.com.pl\/index.php?rest_route=\/wp\/v2\/types\/page"}],"author":[{"embeddable":true,"href":"https:\/\/www.bip.tbszm.com.pl\/index.php?rest_route=\/wp\/v2\/users\/1"}],"replies":[{"embeddable":true,"href":"https:\/\/www.bip.tbszm.com.pl\/index.php?rest_route=%2Fwp%2Fv2%2Fcomments&post=5"}],"version-history":[{"count":37,"href":"https:\/\/www.bip.tbszm.com.pl\/index.php?rest_route=\/wp\/v2\/pages\/5\/revisions"}],"predecessor-version":[{"id":430,"href":"https:\/\/www.bip.tbszm.com.pl\/index.php?rest_route=\/wp\/v2\/pages\/5\/revisions\/430"}],"wp:attachment":[{"href":"https:\/\/www.bip.tbszm.com.pl\/index.php?rest_route=%2Fwp%2Fv2%2Fmedia&parent=5"}],"curies":[{"name":"wp","href":"https:\/\/api.w.org\/{rel}","templated":true}]}}